{"id":150,"date":"2021-04-09T18:15:16","date_gmt":"2021-04-09T16:15:16","guid":{"rendered":"https:\/\/www.hausdorothea.at\/WP\/?page_id=150"},"modified":"2021-04-16T13:43:04","modified_gmt":"2021-04-16T11:43:04","slug":"impressum","status":"publish","type":"page","link":"https:\/\/www.hausdorothea.at\/index.php\/impressum\/","title":{"rendered":"Impressum"},"content":{"rendered":"<div class=\"sqrpara\">\n<p><b>Haus Dorothea<br \/>\n<\/b>M\u00fchlleiten 51<br \/>\nA &#8211; 6306 S\u00f6ll<\/p>\n<p><b>Tel:<\/b>\u00a0+43 (0) 664 2700707<br \/>\n<b>E-Mail:<\/b>\u00a0doris@stb-jaeger.at<br \/>\n<b>USt-Nr.<\/b>: ATU72811549<\/p>\n<\/div>\n<div class=\"sqrpara\">\n<h2 id=\"305824a70e0a2ea20\">Inhaber<\/h2>\n<p>J\u00e4ger Dorothea GesbR<\/p>\n<p>Ansprechpartner: Frau Dr. Dorothea J\u00e4ger<\/p>\n<\/div>\n<div class=\"sqrpara\">\n<h2 id=\"305824a70e0a2ea21\">Haftungsausschluss<\/h2>\n<p>Trotz sorgf\u00e4ltiger Pr\u00fcfung k\u00f6nnen wir keine Haftung f\u00fcr die Inhalte externer Links \u00fcbernehmen. F\u00fcr den Inhalt diese Seiten sind ausschlie\u00dflich deren Betreiber verantwortlich.<\/p>\n<\/div>\n","protected":false},"excerpt":{"rendered":"<p>Haus Dorothea M\u00fchlleiten 51 A &#8211; 6306 S\u00f6ll Tel:\u00a0+43 (0) 664 2700707 E-Mail:\u00a0doris@stb-jaeger.at USt-Nr.: ATU72811549 Inhaber J\u00e4ger Dorothea GesbR Ansprechpartner: Frau Dr. Dorothea J\u00e4ger Haftungsausschluss Trotz sorgf\u00e4ltiger Pr\u00fcfung k\u00f6nnen wir keine Haftung f\u00fcr die Inhalte externer Links \u00fcbernehmen. F\u00fcr den Inhalt diese Seiten sind ausschlie\u00dflich deren Betreiber verantwortlich.<\/p>\n","protected":false},"author":1,"featured_media":0,"parent":0,"menu_order":0,"comment_status":"closed","ping_status":"closed","template":"","meta":{"footnotes":""},"class_list":["post-150","page","type-page","status-publish","hentry"],"_links":{"self":[{"href":"https:\/\/www.hausdorothea.at\/index.php\/wp-json\/wp\/v2\/pages\/150","targetHints":{"allow":["GET"]}}],"collection":[{"href":"https:\/\/www.hausdorothea.at\/index.php\/wp-json\/wp\/v2\/pages"}],"about":[{"href":"https:\/\/www.hausdorothea.at\/index.php\/wp-json\/wp\/v2\/types\/page"}],"author":[{"embeddable":true,"href":"https:\/\/www.hausdorothea.at\/index.php\/wp-json\/wp\/v2\/users\/1"}],"replies":[{"embeddable":true,"href":"https:\/\/www.hausdorothea.at\/index.php\/wp-json\/wp\/v2\/comments?post=150"}],"version-history":[{"count":3,"href":"https:\/\/www.hausdorothea.at\/index.php\/wp-json\/wp\/v2\/pages\/150\/revisions"}],"predecessor-version":[{"id":333,"href":"https:\/\/www.hausdorothea.at\/index.php\/wp-json\/wp\/v2\/pages\/150\/revisions\/333"}],"wp:attachment":[{"href":"https:\/\/www.hausdorothea.at\/index.php\/wp-json\/wp\/v2\/media?parent=150"}],"curies":[{"name":"wp","href":"https:\/\/api.w.org\/{rel}","templated":true}]}}