{"id":162,"date":"2021-04-09T22:32:50","date_gmt":"2021-04-09T20:32:50","guid":{"rendered":"https:\/\/www.hausdorothea.at\/WP\/?page_id=162"},"modified":"2025-11-03T16:41:27","modified_gmt":"2025-11-03T15:41:27","slug":"wohnung-top2","status":"publish","type":"page","link":"https:\/\/www.hausdorothea.at\/index.php\/wohnung-top2\/","title":{"rendered":"Top2 &#8211; Wohnung"},"content":{"rendered":"<div class=\"sqrpara\">\n<p>&nbsp;<\/p>\n<\/div>\n<div class=\"sqrpara\">\n<h3 id=\"178172a7200f5a40c\">Wohnungsinformationen<\/h3>\n<p>Wohnung im 1. Stock, bestehend aus:<\/p>\n<p>1 Schlafzimmer (Doppelbett),<\/p>\n<p>1 gro\u00dfes Wohnzimmer mit Sitzgruppe (Auszieh-Doppelcouch und\/oder Ausziehsessel separat), Kabel-TV, Radio,<\/p>\n<p>1 komplett ausgestattete K\u00fcche mit Geschirrsp\u00fcler, E\u00dftisch<\/p>\n<p>1 Bad mit Dusche und Bidet,<\/p>\n<p>1 WC separat,<\/p>\n<p>1 Abstellraum und Vorraum mit Garderobe,<\/p>\n<p>1 Balkon (S\u00fcd)<\/p>\n<\/div>\n<p>&nbsp;<\/p>\n<p>ideal f\u00fcr 2 &#8211; 4 Personen<\/p>\n<p>&nbsp;<\/p>\n<div class=\"sqrpara\">\n<h3 id=\"870475a17409c170f\">Grundriss<\/h3>\n<p><img loading=\"lazy\" decoding=\"async\" class=\"alignnone wp-image-76\" src=\"https:\/\/www.hausdorothea.at\/WP\/wp-content\/uploads\/2021\/04\/paratouchmatrixp178172a7200f5850b2-300x300.jpg\" alt=\"\" width=\"449\" height=\"449\" srcset=\"https:\/\/www.hausdorothea.at\/wp-content\/uploads\/2021\/04\/paratouchmatrixp178172a7200f5850b2-300x300.jpg 300w, https:\/\/www.hausdorothea.at\/wp-content\/uploads\/2021\/04\/paratouchmatrixp178172a7200f5850b2-150x150.jpg 150w, https:\/\/www.hausdorothea.at\/wp-content\/uploads\/2021\/04\/paratouchmatrixp178172a7200f5850b2-88x88.jpg 88w, https:\/\/www.hausdorothea.at\/wp-content\/uploads\/2021\/04\/paratouchmatrixp178172a7200f5850b2.jpg 346w\" sizes=\"auto, (max-width: 449px) 100vw, 449px\" \/><\/p>\n<style>#jtg-177 .modula-item .jtg-social a, .lightbox-socials.jtg-social a{ color: #ffffff }#jtg-177 .modula-item .jtg-social svg, .lightbox-socials.jtg-social svg { height: 16px; width: 16px }#jtg-177 .modula-item .jtg-social a:not(:last-child), .lightbox-socials.jtg-social a:not(:last-child) { margin-right: 10px }#jtg-177 .modula-item .figc {color:#ffffff;}#jtg-177 .modula-item .modula-item-content { transform: scale(1) }#jtg-177 { width:100%;}#jtg-177 .modula-items{height:1024px;}@media screen and (max-width: 992px) {#jtg-177 .modula-items{height:1024px;}}@media screen and (max-width: 768px) {#jtg-177 .modula-items{height:1024px;}}#jtg-177 .modula-items .figc p.description { font-size:14px; }#jtg-177 .modula-items .figc p.description { color:#ffffff;}#jtg-177.modula-gallery .modula-item > a, #jtg-177.modula-gallery .modula-item, #jtg-177.modula-gallery .modula-item-content > a:not(.modula-no-follow) { cursor:zoom-in; } #jtg-177.modula-gallery .modula-item-content .modula-no-follow { cursor: default; } @media screen and (max-width:480px){#jtg-177 .modula-item .figc .jtg-title {  font-size: 12px; }#jtg-177 .modula-items .figc p.description { color:#ffffff;font-size:10px; }}<\/style>\n<!-- Gallery Container -->\n<div  id=\"jtg-177\" class=\"modula modula-gallery modula-creative-gallery\" data-config=\"{&quot;height&quot;:1024,&quot;tabletHeight&quot;:1024,&quot;mobileHeight&quot;:1024,&quot;desktopHeight&quot;:1024,&quot;enableTwitter&quot;:false,&quot;enableWhatsapp&quot;:false,&quot;enableFacebook&quot;:false,&quot;enablePinterest&quot;:false,&quot;enableLinkedin&quot;:false,&quot;enableEmail&quot;:false,&quot;randomFactor&quot;:0.5,&quot;type&quot;:&quot;creative-gallery&quot;,&quot;columns&quot;:12,&quot;gutter&quot;:10,&quot;mobileGutter&quot;:10,&quot;tabletGutter&quot;:10,&quot;desktopGutter&quot;:10,&quot;enableResponsive&quot;:&quot;0&quot;,&quot;tabletColumns&quot;:&quot;2&quot;,&quot;mobileColumns&quot;:&quot;1&quot;,&quot;lazyLoad&quot;:&quot;0&quot;,&quot;lightboxOpts&quot;:{&quot;loop&quot;:false,&quot;arrows&quot;:true,&quot;toolbar&quot;:true,&quot;keyboard&quot;:false,&quot;wheel&quot;:false,&quot;buttons&quot;:[&quot;close&quot;],&quot;hash&quot;:false,&quot;lang&quot;:&quot;en&quot;,&quot;touch&quot;:false,&quot;protect&quot;:false,&quot;i18n&quot;:{&quot;en&quot;:{&quot;CLOSE&quot;:&quot;Close&quot;,&quot;NEXT&quot;:&quot;Next&quot;,&quot;PREV&quot;:&quot;Previous&quot;,&quot;Error&quot;:&quot;The requested content cannot be loaded. Please try again later.&quot;,&quot;PLAY_START&quot;:&quot;Start slideshow&quot;,&quot;PLAY_STOP&quot;:&quot;Pause slideshow&quot;,&quot;FULL_SCREEN&quot;:&quot;Full screen&quot;,&quot;THUMBS&quot;:&quot;Thumbnails&quot;,&quot;DOWNLOAD&quot;:&quot;Download&quot;,&quot;SHARE&quot;:&quot;Share&quot;,&quot;ZOOM&quot;:&quot;Zoom&quot;}},&quot;clickSlide&quot;:false,&quot;clickOutside&quot;:false,&quot;dblclickContent&quot;:false,&quot;dblclickSlide&quot;:false,&quot;dblclickOutside&quot;:false,&quot;clickContent&quot;:false,&quot;baseTpl&quot;:&quot;&lt;div class=\\&quot;modula-fancybox-container modula-lightbox-jtg-177\\&quot; role=\\&quot;dialog\\&quot; tabindex=\\&quot;-1\\&quot;&gt;&lt;div class=\\&quot;modula-fancybox-bg\\&quot;&gt;&lt;\\\/div&gt;&lt;div class=\\&quot;modula-fancybox-inner\\&quot;&gt;&lt;div class=\\&quot;modula-fancybox-infobar\\&quot;&gt;&lt;span data-fancybox-index&gt;&lt;\\\/span&gt;&nbsp;\\\/&nbsp;&lt;span data-fancybox-count&gt;&lt;\\\/span&gt;&lt;\\\/div&gt;&lt;div class=\\&quot;modula-fancybox-toolbar\\&quot;&gt;{{buttons}}&lt;\\\/div&gt;&lt;div class=\\&quot;modula-fancybox-navigation\\&quot;&gt;{{arrows}}&lt;\\\/div&gt;&lt;div class=\\&quot;modula-fancybox-stage\\&quot;&gt;&lt;\\\/div&gt;&lt;div class=\\&quot;modula-fancybox-caption\\&quot;&gt;&lt;div class=\\&quot;modula-fancybox-caption__body\\&quot;&gt;&lt;\\\/div&gt;&lt;\\\/div&gt;&lt;\\\/div&gt;&lt;\\\/div&gt;&quot;},&quot;inView&quot;:false,&quot;email_subject&quot;:&quot;Check out this awesome image !!&quot;,&quot;email_message&quot;:&quot;Here is the link to the image : %%image_link%% and this is the link to the gallery : %%gallery_link%%&quot;,&quot;lightbox&quot;:&quot;fancybox&quot;}\">\n\n\t\n\t<!-- Items Container -->\n\t<div  class=\"modula-items\">\n\t\t<div class=\"modula-item effect-pufrobo\" >\n\t<div class=\"modula-item-overlay\"><\/div>\n\n\t<div class=\"modula-item-content\">\n\n\t\t\t\t\n\t\t\t\t\t<a data-image-id=\"35\" rel=\"jtg-177\" data-caption=\"\" aria-label=\"Open image in lightbox\" class=\"tile-inner modula-item-link\"><\/a>\n\t\t\n\t\t<img loading=\"lazy\" decoding=\"async\" class=\"pic wp-image-35\"  data-valign=\"middle\" data-halign=\"center\" alt=\"\" data-full=\"https:\/\/www.hausdorothea.at\/wp-content\/uploads\/2021\/04\/paratouchmatrix178172a7200f5850b1.jpg\" title=\"paratouchmatrix178172a7200f5850b1\" width=\"629\" height=\"418\" src=\"https:\/\/www.hausdorothea.at\/wp-content\/uploads\/2021\/04\/paratouchmatrix178172a7200f5850b1.jpg\" data-src=\"https:\/\/www.hausdorothea.at\/wp-content\/uploads\/2021\/04\/paratouchmatrix178172a7200f5850b1.jpg\" data-caption=\"\"srcset=\"https:\/\/www.hausdorothea.at\/wp-content\/uploads\/2021\/04\/paratouchmatrix178172a7200f5850b1.jpg 800w, https:\/\/www.hausdorothea.at\/wp-content\/uploads\/2021\/04\/paratouchmatrix178172a7200f5850b1-300x200.jpg 300w, https:\/\/www.hausdorothea.at\/wp-content\/uploads\/2021\/04\/paratouchmatrix178172a7200f5850b1-768x511.jpg 768w, https:\/\/www.hausdorothea.at\/wp-content\/uploads\/2021\/04\/paratouchmatrix178172a7200f5850b1-629x418.jpg 629w\" sizes=\"auto, (max-width: 629px) 100vw, 629px\"\" srcset=\"https:\/\/www.hausdorothea.at\/wp-content\/uploads\/2021\/04\/paratouchmatrix178172a7200f5850b1.jpg 800w, https:\/\/www.hausdorothea.at\/wp-content\/uploads\/2021\/04\/paratouchmatrix178172a7200f5850b1-300x200.jpg 300w, https:\/\/www.hausdorothea.at\/wp-content\/uploads\/2021\/04\/paratouchmatrix178172a7200f5850b1-768x511.jpg 768w\" \/>\n\t\t<div class=\"figc no-description\">\n\t\t\t<div class=\"figc-inner\">\n\t\t\t\t\t\t\t\t\t\t\t\t\t\t\t<\/div>\n\t\t<\/div>\n\n\t<\/div>\n\n<\/div><div class=\"modula-item effect-pufrobo\" >\n\t<div class=\"modula-item-overlay\"><\/div>\n\n\t<div class=\"modula-item-content\">\n\n\t\t\t\t\n\t\t\t\t\t<a data-image-id=\"37\" rel=\"jtg-177\" data-caption=\"\" aria-label=\"Open image in lightbox\" class=\"tile-inner modula-item-link\"><\/a>\n\t\t\n\t\t<img loading=\"lazy\" decoding=\"async\" class=\"pic wp-image-37\"  data-valign=\"middle\" data-halign=\"center\" alt=\"\" data-full=\"https:\/\/www.hausdorothea.at\/wp-content\/uploads\/2021\/04\/paratouchmatrix178172a7200f5850b3.jpg\" title=\"paratouchmatrix178172a7200f5850b3\" width=\"629\" height=\"418\" src=\"https:\/\/www.hausdorothea.at\/wp-content\/uploads\/2021\/04\/paratouchmatrix178172a7200f5850b3.jpg\" data-src=\"https:\/\/www.hausdorothea.at\/wp-content\/uploads\/2021\/04\/paratouchmatrix178172a7200f5850b3.jpg\" data-caption=\"\"srcset=\"https:\/\/www.hausdorothea.at\/wp-content\/uploads\/2021\/04\/paratouchmatrix178172a7200f5850b3.jpg 800w, https:\/\/www.hausdorothea.at\/wp-content\/uploads\/2021\/04\/paratouchmatrix178172a7200f5850b3-300x200.jpg 300w, https:\/\/www.hausdorothea.at\/wp-content\/uploads\/2021\/04\/paratouchmatrix178172a7200f5850b3-768x511.jpg 768w, https:\/\/www.hausdorothea.at\/wp-content\/uploads\/2021\/04\/paratouchmatrix178172a7200f5850b3-629x418.jpg 629w\" sizes=\"auto, (max-width: 629px) 100vw, 629px\"\" srcset=\"https:\/\/www.hausdorothea.at\/wp-content\/uploads\/2021\/04\/paratouchmatrix178172a7200f5850b3.jpg 800w, https:\/\/www.hausdorothea.at\/wp-content\/uploads\/2021\/04\/paratouchmatrix178172a7200f5850b3-300x200.jpg 300w, https:\/\/www.hausdorothea.at\/wp-content\/uploads\/2021\/04\/paratouchmatrix178172a7200f5850b3-768x511.jpg 768w\" \/>\n\t\t<div class=\"figc no-description\">\n\t\t\t<div class=\"figc-inner\">\n\t\t\t\t\t\t\t\t\t\t\t\t\t\t\t<\/div>\n\t\t<\/div>\n\n\t<\/div>\n\n<\/div><div class=\"modula-item effect-pufrobo\" >\n\t<div class=\"modula-item-overlay\"><\/div>\n\n\t<div class=\"modula-item-content\">\n\n\t\t\t\t\n\t\t\t\t\t<a data-image-id=\"38\" rel=\"jtg-177\" data-caption=\"\" aria-label=\"Open image in lightbox\" class=\"tile-inner modula-item-link\"><\/a>\n\t\t\n\t\t<img loading=\"lazy\" decoding=\"async\" class=\"pic wp-image-38\"  data-valign=\"middle\" data-halign=\"center\" alt=\"\" data-full=\"https:\/\/www.hausdorothea.at\/wp-content\/uploads\/2021\/04\/paratouchmatrix178172a7200f5850b4.jpg\" title=\"paratouchmatrix178172a7200f5850b4\" width=\"629\" height=\"418\" src=\"https:\/\/www.hausdorothea.at\/wp-content\/uploads\/2021\/04\/paratouchmatrix178172a7200f5850b4.jpg\" data-src=\"https:\/\/www.hausdorothea.at\/wp-content\/uploads\/2021\/04\/paratouchmatrix178172a7200f5850b4.jpg\" data-caption=\"\"srcset=\"https:\/\/www.hausdorothea.at\/wp-content\/uploads\/2021\/04\/paratouchmatrix178172a7200f5850b4.jpg 800w, https:\/\/www.hausdorothea.at\/wp-content\/uploads\/2021\/04\/paratouchmatrix178172a7200f5850b4-300x200.jpg 300w, https:\/\/www.hausdorothea.at\/wp-content\/uploads\/2021\/04\/paratouchmatrix178172a7200f5850b4-768x511.jpg 768w, https:\/\/www.hausdorothea.at\/wp-content\/uploads\/2021\/04\/paratouchmatrix178172a7200f5850b4-629x418.jpg 629w\" sizes=\"auto, (max-width: 629px) 100vw, 629px\"\" srcset=\"https:\/\/www.hausdorothea.at\/wp-content\/uploads\/2021\/04\/paratouchmatrix178172a7200f5850b4.jpg 800w, https:\/\/www.hausdorothea.at\/wp-content\/uploads\/2021\/04\/paratouchmatrix178172a7200f5850b4-300x200.jpg 300w, https:\/\/www.hausdorothea.at\/wp-content\/uploads\/2021\/04\/paratouchmatrix178172a7200f5850b4-768x511.jpg 768w\" \/>\n\t\t<div class=\"figc no-description\">\n\t\t\t<div class=\"figc-inner\">\n\t\t\t\t\t\t\t\t\t\t\t\t\t\t\t<\/div>\n\t\t<\/div>\n\n\t<\/div>\n\n<\/div><div class=\"modula-item effect-pufrobo\" >\n\t<div class=\"modula-item-overlay\"><\/div>\n\n\t<div class=\"modula-item-content\">\n\n\t\t\t\t\n\t\t\t\t\t<a data-image-id=\"42\" rel=\"jtg-177\" data-caption=\"\" aria-label=\"Open image in lightbox\" class=\"tile-inner modula-item-link\"><\/a>\n\t\t\n\t\t<img loading=\"lazy\" decoding=\"async\" class=\"pic wp-image-42\"  data-valign=\"middle\" data-halign=\"center\" alt=\"\" data-full=\"https:\/\/www.hausdorothea.at\/wp-content\/uploads\/2021\/04\/paratouchmatrix178172a7200f5850b8.jpg\" title=\"paratouchmatrix178172a7200f5850b8\" width=\"629\" height=\"418\" src=\"https:\/\/www.hausdorothea.at\/wp-content\/uploads\/2021\/04\/paratouchmatrix178172a7200f5850b8.jpg\" data-src=\"https:\/\/www.hausdorothea.at\/wp-content\/uploads\/2021\/04\/paratouchmatrix178172a7200f5850b8.jpg\" data-caption=\"\"srcset=\"https:\/\/www.hausdorothea.at\/wp-content\/uploads\/2021\/04\/paratouchmatrix178172a7200f5850b8.jpg 800w, https:\/\/www.hausdorothea.at\/wp-content\/uploads\/2021\/04\/paratouchmatrix178172a7200f5850b8-300x200.jpg 300w, https:\/\/www.hausdorothea.at\/wp-content\/uploads\/2021\/04\/paratouchmatrix178172a7200f5850b8-768x511.jpg 768w, https:\/\/www.hausdorothea.at\/wp-content\/uploads\/2021\/04\/paratouchmatrix178172a7200f5850b8-629x418.jpg 629w\" sizes=\"auto, (max-width: 629px) 100vw, 629px\"\" srcset=\"https:\/\/www.hausdorothea.at\/wp-content\/uploads\/2021\/04\/paratouchmatrix178172a7200f5850b8.jpg 800w, https:\/\/www.hausdorothea.at\/wp-content\/uploads\/2021\/04\/paratouchmatrix178172a7200f5850b8-300x200.jpg 300w, https:\/\/www.hausdorothea.at\/wp-content\/uploads\/2021\/04\/paratouchmatrix178172a7200f5850b8-768x511.jpg 768w\" \/>\n\t\t<div class=\"figc no-description\">\n\t\t\t<div class=\"figc-inner\">\n\t\t\t\t\t\t\t\t\t\t\t\t\t\t\t<\/div>\n\t\t<\/div>\n\n\t<\/div>\n\n<\/div><div class=\"modula-item effect-pufrobo\" >\n\t<div class=\"modula-item-overlay\"><\/div>\n\n\t<div class=\"modula-item-content\">\n\n\t\t\t\t\n\t\t\t\t\t<a data-image-id=\"43\" rel=\"jtg-177\" data-caption=\"\" aria-label=\"Open image in lightbox\" class=\"tile-inner modula-item-link\"><\/a>\n\t\t\n\t\t<img loading=\"lazy\" decoding=\"async\" class=\"pic wp-image-43\"  data-valign=\"middle\" data-halign=\"center\" alt=\"\" data-full=\"https:\/\/www.hausdorothea.at\/wp-content\/uploads\/2021\/04\/paratouchmatrix178172a7200f5850b9.jpg\" title=\"paratouchmatrix178172a7200f5850b9\" width=\"629\" height=\"418\" src=\"https:\/\/www.hausdorothea.at\/wp-content\/uploads\/2021\/04\/paratouchmatrix178172a7200f5850b9.jpg\" data-src=\"https:\/\/www.hausdorothea.at\/wp-content\/uploads\/2021\/04\/paratouchmatrix178172a7200f5850b9.jpg\" data-caption=\"\"srcset=\"https:\/\/www.hausdorothea.at\/wp-content\/uploads\/2021\/04\/paratouchmatrix178172a7200f5850b9.jpg 800w, https:\/\/www.hausdorothea.at\/wp-content\/uploads\/2021\/04\/paratouchmatrix178172a7200f5850b9-300x200.jpg 300w, https:\/\/www.hausdorothea.at\/wp-content\/uploads\/2021\/04\/paratouchmatrix178172a7200f5850b9-768x511.jpg 768w, https:\/\/www.hausdorothea.at\/wp-content\/uploads\/2021\/04\/paratouchmatrix178172a7200f5850b9-629x418.jpg 629w\" sizes=\"auto, (max-width: 629px) 100vw, 629px\"\" srcset=\"https:\/\/www.hausdorothea.at\/wp-content\/uploads\/2021\/04\/paratouchmatrix178172a7200f5850b9.jpg 800w, https:\/\/www.hausdorothea.at\/wp-content\/uploads\/2021\/04\/paratouchmatrix178172a7200f5850b9-300x200.jpg 300w, https:\/\/www.hausdorothea.at\/wp-content\/uploads\/2021\/04\/paratouchmatrix178172a7200f5850b9-768x511.jpg 768w\" \/>\n\t\t<div class=\"figc no-description\">\n\t\t\t<div class=\"figc-inner\">\n\t\t\t\t\t\t\t\t\t\t\t\t\t\t\t<\/div>\n\t\t<\/div>\n\n\t<\/div>\n\n<\/div><div class=\"modula-item effect-pufrobo\" >\n\t<div class=\"modula-item-overlay\"><\/div>\n\n\t<div class=\"modula-item-content\">\n\n\t\t\t\t\n\t\t\t\t\t<a data-image-id=\"41\" rel=\"jtg-177\" data-caption=\"\" aria-label=\"Open image in lightbox\" class=\"tile-inner modula-item-link\"><\/a>\n\t\t\n\t\t<img loading=\"lazy\" decoding=\"async\" class=\"pic wp-image-41\"  data-valign=\"middle\" data-halign=\"center\" alt=\"\" data-full=\"https:\/\/www.hausdorothea.at\/wp-content\/uploads\/2021\/04\/paratouchmatrix178172a7200f5850b7.jpg\" title=\"paratouchmatrix178172a7200f5850b7\" width=\"629\" height=\"418\" src=\"https:\/\/www.hausdorothea.at\/wp-content\/uploads\/2021\/04\/paratouchmatrix178172a7200f5850b7.jpg\" data-src=\"https:\/\/www.hausdorothea.at\/wp-content\/uploads\/2021\/04\/paratouchmatrix178172a7200f5850b7.jpg\" data-caption=\"\"srcset=\"https:\/\/www.hausdorothea.at\/wp-content\/uploads\/2021\/04\/paratouchmatrix178172a7200f5850b7.jpg 800w, https:\/\/www.hausdorothea.at\/wp-content\/uploads\/2021\/04\/paratouchmatrix178172a7200f5850b7-300x200.jpg 300w, https:\/\/www.hausdorothea.at\/wp-content\/uploads\/2021\/04\/paratouchmatrix178172a7200f5850b7-768x511.jpg 768w, https:\/\/www.hausdorothea.at\/wp-content\/uploads\/2021\/04\/paratouchmatrix178172a7200f5850b7-629x418.jpg 629w\" sizes=\"auto, (max-width: 629px) 100vw, 629px\"\" srcset=\"https:\/\/www.hausdorothea.at\/wp-content\/uploads\/2021\/04\/paratouchmatrix178172a7200f5850b7.jpg 800w, https:\/\/www.hausdorothea.at\/wp-content\/uploads\/2021\/04\/paratouchmatrix178172a7200f5850b7-300x200.jpg 300w, https:\/\/www.hausdorothea.at\/wp-content\/uploads\/2021\/04\/paratouchmatrix178172a7200f5850b7-768x511.jpg 768w\" \/>\n\t\t<div class=\"figc no-description\">\n\t\t\t<div class=\"figc-inner\">\n\t\t\t\t\t\t\t\t\t\t\t\t\t\t\t<\/div>\n\t\t<\/div>\n\n\t<\/div>\n\n<\/div><div class=\"modula-item effect-pufrobo\" >\n\t<div class=\"modula-item-overlay\"><\/div>\n\n\t<div class=\"modula-item-content\">\n\n\t\t\t\t\n\t\t\t\t\t<a data-image-id=\"40\" rel=\"jtg-177\" data-caption=\"\" aria-label=\"Open image in lightbox\" class=\"tile-inner modula-item-link\"><\/a>\n\t\t\n\t\t<img loading=\"lazy\" decoding=\"async\" class=\"pic wp-image-40\"  data-valign=\"middle\" data-halign=\"center\" alt=\"\" data-full=\"https:\/\/www.hausdorothea.at\/wp-content\/uploads\/2021\/04\/paratouchmatrix178172a7200f5850b6.jpg\" title=\"paratouchmatrix178172a7200f5850b6\" width=\"629\" height=\"418\" src=\"https:\/\/www.hausdorothea.at\/wp-content\/uploads\/2021\/04\/paratouchmatrix178172a7200f5850b6.jpg\" data-src=\"https:\/\/www.hausdorothea.at\/wp-content\/uploads\/2021\/04\/paratouchmatrix178172a7200f5850b6.jpg\" data-caption=\"\"srcset=\"https:\/\/www.hausdorothea.at\/wp-content\/uploads\/2021\/04\/paratouchmatrix178172a7200f5850b6.jpg 800w, https:\/\/www.hausdorothea.at\/wp-content\/uploads\/2021\/04\/paratouchmatrix178172a7200f5850b6-300x200.jpg 300w, https:\/\/www.hausdorothea.at\/wp-content\/uploads\/2021\/04\/paratouchmatrix178172a7200f5850b6-768x511.jpg 768w, https:\/\/www.hausdorothea.at\/wp-content\/uploads\/2021\/04\/paratouchmatrix178172a7200f5850b6-629x418.jpg 629w\" sizes=\"auto, (max-width: 629px) 100vw, 629px\"\" srcset=\"https:\/\/www.hausdorothea.at\/wp-content\/uploads\/2021\/04\/paratouchmatrix178172a7200f5850b6.jpg 800w, https:\/\/www.hausdorothea.at\/wp-content\/uploads\/2021\/04\/paratouchmatrix178172a7200f5850b6-300x200.jpg 300w, https:\/\/www.hausdorothea.at\/wp-content\/uploads\/2021\/04\/paratouchmatrix178172a7200f5850b6-768x511.jpg 768w\" \/>\n\t\t<div class=\"figc no-description\">\n\t\t\t<div class=\"figc-inner\">\n\t\t\t\t\t\t\t\t\t\t\t\t\t\t\t<\/div>\n\t\t<\/div>\n\n\t<\/div>\n\n<\/div><div class=\"modula-item effect-pufrobo\" >\n\t<div class=\"modula-item-overlay\"><\/div>\n\n\t<div class=\"modula-item-content\">\n\n\t\t\t\t\n\t\t\t\t\t<a data-image-id=\"39\" rel=\"jtg-177\" data-caption=\"\" aria-label=\"Open image in lightbox\" class=\"tile-inner modula-item-link\"><\/a>\n\t\t\n\t\t<img loading=\"lazy\" decoding=\"async\" class=\"pic wp-image-39\"  data-valign=\"middle\" data-halign=\"center\" alt=\"\" data-full=\"https:\/\/www.hausdorothea.at\/wp-content\/uploads\/2021\/04\/paratouchmatrix178172a7200f5850b5.jpg\" title=\"paratouchmatrix178172a7200f5850b5\" width=\"629\" height=\"418\" src=\"https:\/\/www.hausdorothea.at\/wp-content\/uploads\/2021\/04\/paratouchmatrix178172a7200f5850b5.jpg\" data-src=\"https:\/\/www.hausdorothea.at\/wp-content\/uploads\/2021\/04\/paratouchmatrix178172a7200f5850b5.jpg\" data-caption=\"\"srcset=\"https:\/\/www.hausdorothea.at\/wp-content\/uploads\/2021\/04\/paratouchmatrix178172a7200f5850b5.jpg 800w, https:\/\/www.hausdorothea.at\/wp-content\/uploads\/2021\/04\/paratouchmatrix178172a7200f5850b5-300x200.jpg 300w, https:\/\/www.hausdorothea.at\/wp-content\/uploads\/2021\/04\/paratouchmatrix178172a7200f5850b5-768x511.jpg 768w, https:\/\/www.hausdorothea.at\/wp-content\/uploads\/2021\/04\/paratouchmatrix178172a7200f5850b5-629x418.jpg 629w\" sizes=\"auto, (max-width: 629px) 100vw, 629px\"\" srcset=\"https:\/\/www.hausdorothea.at\/wp-content\/uploads\/2021\/04\/paratouchmatrix178172a7200f5850b5.jpg 800w, https:\/\/www.hausdorothea.at\/wp-content\/uploads\/2021\/04\/paratouchmatrix178172a7200f5850b5-300x200.jpg 300w, https:\/\/www.hausdorothea.at\/wp-content\/uploads\/2021\/04\/paratouchmatrix178172a7200f5850b5-768x511.jpg 768w\" \/>\n\t\t<div class=\"figc no-description\">\n\t\t\t<div class=\"figc-inner\">\n\t\t\t\t\t\t\t\t\t\t\t\t\t\t\t<\/div>\n\t\t<\/div>\n\n\t<\/div>\n\n<\/div>\t\t\n\t<\/div>\n\n\t\n\t\n\t<script type=\"application\/ld+json\">\n\t{\n\t\t\"@context\": \"http:\/\/schema.org\",\n\t\t\"@type\"   : \"ImageGallery\",\n\t\t\"id\"      : \"https:\/\/www.hausdorothea.at\/wp-json\/wp\/v2\/pages\/162\",\n\t\t\"url\"     : \"https:\/\/www.hausdorothea.at\/wp-json\/wp\/v2\/pages\/162\"\n\t}\n\n    <\/script>\n\n\t\n<\/div>\n<\/div>\n","protected":false},"excerpt":{"rendered":"<p>&nbsp; Wohnungsinformationen Wohnung im 1. Stock, bestehend aus: 1 Schlafzimmer (Doppelbett), 1 gro\u00dfes Wohnzimmer mit Sitzgruppe (Auszieh-Doppelcouch und\/oder Ausziehsessel separat), Kabel-TV, Radio, 1 komplett ausgestattete K\u00fcche mit Geschirrsp\u00fcler, E\u00dftisch 1 Bad mit Dusche und Bidet, 1 WC separat, 1 Abstellraum und Vorraum mit Garderobe, 1 Balkon (S\u00fcd) &nbsp; ideal f\u00fcr 2 &#8211; 4 Personen &nbsp; [&hellip;]<\/p>\n","protected":false},"author":1,"featured_media":0,"parent":0,"menu_order":0,"comment_status":"closed","ping_status":"closed","template":"","meta":{"footnotes":""},"class_list":["post-162","page","type-page","status-publish","hentry"],"_links":{"self":[{"href":"https:\/\/www.hausdorothea.at\/index.php\/wp-json\/wp\/v2\/pages\/162","targetHints":{"allow":["GET"]}}],"collection":[{"href":"https:\/\/www.hausdorothea.at\/index.php\/wp-json\/wp\/v2\/pages"}],"about":[{"href":"https:\/\/www.hausdorothea.at\/index.php\/wp-json\/wp\/v2\/types\/page"}],"author":[{"embeddable":true,"href":"https:\/\/www.hausdorothea.at\/index.php\/wp-json\/wp\/v2\/users\/1"}],"replies":[{"embeddable":true,"href":"https:\/\/www.hausdorothea.at\/index.php\/wp-json\/wp\/v2\/comments?post=162"}],"version-history":[{"count":10,"href":"https:\/\/www.hausdorothea.at\/index.php\/wp-json\/wp\/v2\/pages\/162\/revisions"}],"predecessor-version":[{"id":435,"href":"https:\/\/www.hausdorothea.at\/index.php\/wp-json\/wp\/v2\/pages\/162\/revisions\/435"}],"wp:attachment":[{"href":"https:\/\/www.hausdorothea.at\/index.php\/wp-json\/wp\/v2\/media?parent=162"}],"curies":[{"name":"wp","href":"https:\/\/api.w.org\/{rel}","templated":true}]}}