{"id":166,"date":"2021-04-09T22:34:34","date_gmt":"2021-04-09T20:34:34","guid":{"rendered":"https:\/\/www.hausdorothea.at\/WP\/?page_id=166"},"modified":"2021-04-17T07:18:40","modified_gmt":"2021-04-17T05:18:40","slug":"wohnung-top-4","status":"publish","type":"page","link":"https:\/\/www.hausdorothea.at\/index.php\/wohnung-top-4\/","title":{"rendered":"Top 4 &#8211; Wohnung"},"content":{"rendered":"<div class=\"sqrpara\"><\/div>\n<div class=\"sqrpara\">\n<h2 id=\"305824a70e0998f0b\">Wohnungsinformationen<\/h2>\n<p>Wohnung im Erdgescho\u00df &#8211; bestehend aus:<\/p>\n<p>Ger\u00e4umige S\u00fcd-Wohnung (61 m\u00b2) mit Gartenzugang,<\/p>\n<p>1 Schlafzimmer (Doppelbett),<\/p>\n<p>1 gro\u00dfes Wohnzimmer mit Auszieh-Doppelcouch und\/oder Auszieh-Schlafsessel, Kabel-TV, Radio<\/p>\n<p>1 gro\u00dfe, komplett ausgestattete K\u00fcche mit gem\u00fctlicher Eckbank,<\/p>\n<p>1 Bad mit Dusche\/WC, 2 Waschbecken<\/p>\n<p>1 Vorraum mit Garderobe<\/p>\n<\/div>\n<p>&nbsp;<\/p>\n<p>Ideal f\u00fcr 2 &#8211; 4 Personen.<\/p>\n<p>&nbsp;<\/p>\n<div class=\"sqrpara\">\n<h2>Grundriss<\/h2>\n<\/div>\n<p><img loading=\"lazy\" decoding=\"async\" class=\"alignnone size-medium wp-image-95\" src=\"https:\/\/www.hausdorothea.at\/wp-content\/uploads\/2021\/04\/paratouchmatrixp178172a7220c63a183-300x300.jpg\" alt=\"\" width=\"300\" height=\"300\" srcset=\"https:\/\/www.hausdorothea.at\/wp-content\/uploads\/2021\/04\/paratouchmatrixp178172a7220c63a183-300x300.jpg 300w, https:\/\/www.hausdorothea.at\/wp-content\/uploads\/2021\/04\/paratouchmatrixp178172a7220c63a183-150x150.jpg 150w, https:\/\/www.hausdorothea.at\/wp-content\/uploads\/2021\/04\/paratouchmatrixp178172a7220c63a183-88x88.jpg 88w, https:\/\/www.hausdorothea.at\/wp-content\/uploads\/2021\/04\/paratouchmatrixp178172a7220c63a183.jpg 346w\" sizes=\"auto, (max-width: 300px) 100vw, 300px\" \/><\/p>\n<p>&nbsp;<\/p>\n<style>#jtg-171 .modula-item .jtg-social a, .lightbox-socials.jtg-social a{ color: #ffffff }#jtg-171 .modula-item .jtg-social svg, .lightbox-socials.jtg-social svg { height: 16px; width: 16px }#jtg-171 .modula-item .jtg-social a:not(:last-child), .lightbox-socials.jtg-social a:not(:last-child) { margin-right: 10px }#jtg-171 .modula-item .figc {color:#ffffff;}#jtg-171 .modula-item .modula-item-content { transform: scale(1) }#jtg-171 { width:100%;}#jtg-171 .modula-items{height:1024px;}@media screen and (max-width: 992px) {#jtg-171 .modula-items{height:1024px;}}@media screen and (max-width: 768px) {#jtg-171 .modula-items{height:1024px;}}#jtg-171 .modula-items .figc p.description { font-size:14px; }#jtg-171 .modula-items .figc p.description { color:#ffffff;}#jtg-171.modula-gallery .modula-item > a, #jtg-171.modula-gallery .modula-item, #jtg-171.modula-gallery .modula-item-content > a:not(.modula-no-follow) { cursor:zoom-in; } #jtg-171.modula-gallery .modula-item-content .modula-no-follow { cursor: default; } @media screen and (max-width:480px){#jtg-171 .modula-item .figc .jtg-title {  font-size: 12px; }#jtg-171 .modula-items .figc p.description { color:#ffffff;font-size:10px; }}<\/style>\n<!-- Gallery Container -->\n<div  id=\"jtg-171\" class=\"modula modula-gallery modula-creative-gallery\" data-config=\"{&quot;height&quot;:1024,&quot;tabletHeight&quot;:1024,&quot;mobileHeight&quot;:1024,&quot;desktopHeight&quot;:1024,&quot;enableTwitter&quot;:false,&quot;enableWhatsapp&quot;:false,&quot;enableFacebook&quot;:false,&quot;enablePinterest&quot;:false,&quot;enableLinkedin&quot;:false,&quot;enableEmail&quot;:false,&quot;randomFactor&quot;:0.5,&quot;type&quot;:&quot;creative-gallery&quot;,&quot;columns&quot;:12,&quot;gutter&quot;:10,&quot;mobileGutter&quot;:10,&quot;tabletGutter&quot;:10,&quot;desktopGutter&quot;:10,&quot;enableResponsive&quot;:&quot;0&quot;,&quot;tabletColumns&quot;:&quot;2&quot;,&quot;mobileColumns&quot;:&quot;1&quot;,&quot;lazyLoad&quot;:&quot;0&quot;,&quot;lightboxOpts&quot;:{&quot;loop&quot;:false,&quot;arrows&quot;:true,&quot;toolbar&quot;:true,&quot;keyboard&quot;:false,&quot;wheel&quot;:false,&quot;buttons&quot;:[&quot;close&quot;],&quot;hash&quot;:false,&quot;lang&quot;:&quot;en&quot;,&quot;touch&quot;:false,&quot;protect&quot;:false,&quot;i18n&quot;:{&quot;en&quot;:{&quot;CLOSE&quot;:&quot;Close&quot;,&quot;NEXT&quot;:&quot;Next&quot;,&quot;PREV&quot;:&quot;Previous&quot;,&quot;Error&quot;:&quot;The requested content cannot be loaded. Please try again later.&quot;,&quot;PLAY_START&quot;:&quot;Start slideshow&quot;,&quot;PLAY_STOP&quot;:&quot;Pause slideshow&quot;,&quot;FULL_SCREEN&quot;:&quot;Full screen&quot;,&quot;THUMBS&quot;:&quot;Thumbnails&quot;,&quot;DOWNLOAD&quot;:&quot;Download&quot;,&quot;SHARE&quot;:&quot;Share&quot;,&quot;ZOOM&quot;:&quot;Zoom&quot;}},&quot;clickSlide&quot;:false,&quot;clickOutside&quot;:false,&quot;dblclickContent&quot;:false,&quot;dblclickSlide&quot;:false,&quot;dblclickOutside&quot;:false,&quot;clickContent&quot;:false,&quot;baseTpl&quot;:&quot;&lt;div class=\\&quot;modula-fancybox-container modula-lightbox-jtg-171\\&quot; role=\\&quot;dialog\\&quot; tabindex=\\&quot;-1\\&quot;&gt;&lt;div class=\\&quot;modula-fancybox-bg\\&quot;&gt;&lt;\\\/div&gt;&lt;div class=\\&quot;modula-fancybox-inner\\&quot;&gt;&lt;div class=\\&quot;modula-fancybox-infobar\\&quot;&gt;&lt;span data-fancybox-index&gt;&lt;\\\/span&gt;&nbsp;\\\/&nbsp;&lt;span data-fancybox-count&gt;&lt;\\\/span&gt;&lt;\\\/div&gt;&lt;div class=\\&quot;modula-fancybox-toolbar\\&quot;&gt;{{buttons}}&lt;\\\/div&gt;&lt;div class=\\&quot;modula-fancybox-navigation\\&quot;&gt;{{arrows}}&lt;\\\/div&gt;&lt;div class=\\&quot;modula-fancybox-stage\\&quot;&gt;&lt;\\\/div&gt;&lt;div class=\\&quot;modula-fancybox-caption\\&quot;&gt;&lt;div class=\\&quot;modula-fancybox-caption__body\\&quot;&gt;&lt;\\\/div&gt;&lt;\\\/div&gt;&lt;\\\/div&gt;&lt;\\\/div&gt;&quot;},&quot;inView&quot;:false,&quot;email_subject&quot;:&quot;Check out this awesome image !!&quot;,&quot;email_message&quot;:&quot;Here is the link to the image : %%image_link%% and this is the link to the gallery : %%gallery_link%%&quot;,&quot;lightbox&quot;:&quot;fancybox&quot;}\">\n\n\t\n\t<!-- Items Container -->\n\t<div  class=\"modula-items\">\n\t\t<div class=\"modula-item effect-pufrobo\" >\n\t<div class=\"modula-item-overlay\"><\/div>\n\n\t<div class=\"modula-item-content\">\n\n\t\t\t\t\n\t\t\t\t\t<a data-image-id=\"94\" rel=\"jtg-171\" data-caption=\"\" aria-label=\"Open image in lightbox\" class=\"tile-inner modula-item-link\"><\/a>\n\t\t\n\t\t<img loading=\"lazy\" decoding=\"async\" class=\"pic wp-image-94\"  data-valign=\"middle\" data-halign=\"center\" alt=\"\" data-full=\"https:\/\/www.hausdorothea.at\/wp-content\/uploads\/2021\/04\/paratouchmatrixp178172a7220c63a182.jpg\" title=\"paratouchmatrixp178172a7220c63a182\" width=\"346\" height=\"346\" src=\"https:\/\/www.hausdorothea.at\/wp-content\/uploads\/2021\/04\/paratouchmatrixp178172a7220c63a182.jpg\" data-src=\"https:\/\/www.hausdorothea.at\/wp-content\/uploads\/2021\/04\/paratouchmatrixp178172a7220c63a182.jpg\" data-caption=\"\"srcset=\"https:\/\/www.hausdorothea.at\/wp-content\/uploads\/2021\/04\/paratouchmatrixp178172a7220c63a182.jpg 346w, https:\/\/www.hausdorothea.at\/wp-content\/uploads\/2021\/04\/paratouchmatrixp178172a7220c63a182-300x300.jpg 300w, https:\/\/www.hausdorothea.at\/wp-content\/uploads\/2021\/04\/paratouchmatrixp178172a7220c63a182-150x150.jpg 150w, https:\/\/www.hausdorothea.at\/wp-content\/uploads\/2021\/04\/paratouchmatrixp178172a7220c63a182-88x88.jpg 88w\" sizes=\"auto, (max-width: 346px) 100vw, 346px\"\" srcset=\"https:\/\/www.hausdorothea.at\/wp-content\/uploads\/2021\/04\/paratouchmatrixp178172a7220c63a182.jpg 346w, https:\/\/www.hausdorothea.at\/wp-content\/uploads\/2021\/04\/paratouchmatrixp178172a7220c63a182-300x300.jpg 300w, https:\/\/www.hausdorothea.at\/wp-content\/uploads\/2021\/04\/paratouchmatrixp178172a7220c63a182-150x150.jpg 150w, https:\/\/www.hausdorothea.at\/wp-content\/uploads\/2021\/04\/paratouchmatrixp178172a7220c63a182-88x88.jpg 88w\" \/>\n\t\t<div class=\"figc no-description\">\n\t\t\t<div class=\"figc-inner\">\n\t\t\t\t\t\t\t\t\t\t\t\t\t\t\t<\/div>\n\t\t<\/div>\n\n\t<\/div>\n\n<\/div><div class=\"modula-item effect-pufrobo\" >\n\t<div class=\"modula-item-overlay\"><\/div>\n\n\t<div class=\"modula-item-content\">\n\n\t\t\t\t\n\t\t\t\t\t<a data-image-id=\"93\" rel=\"jtg-171\" data-caption=\"\" aria-label=\"Open image in lightbox\" class=\"tile-inner modula-item-link\"><\/a>\n\t\t\n\t\t<img loading=\"lazy\" decoding=\"async\" class=\"pic wp-image-93\"  data-valign=\"middle\" data-halign=\"center\" alt=\"\" data-full=\"https:\/\/www.hausdorothea.at\/wp-content\/uploads\/2021\/04\/paratouchmatrixp178172a7220c63a181.jpg\" title=\"paratouchmatrixp178172a7220c63a181\" width=\"346\" height=\"346\" src=\"https:\/\/www.hausdorothea.at\/wp-content\/uploads\/2021\/04\/paratouchmatrixp178172a7220c63a181.jpg\" data-src=\"https:\/\/www.hausdorothea.at\/wp-content\/uploads\/2021\/04\/paratouchmatrixp178172a7220c63a181.jpg\" data-caption=\"\"srcset=\"https:\/\/www.hausdorothea.at\/wp-content\/uploads\/2021\/04\/paratouchmatrixp178172a7220c63a181.jpg 346w, https:\/\/www.hausdorothea.at\/wp-content\/uploads\/2021\/04\/paratouchmatrixp178172a7220c63a181-300x300.jpg 300w, https:\/\/www.hausdorothea.at\/wp-content\/uploads\/2021\/04\/paratouchmatrixp178172a7220c63a181-150x150.jpg 150w, https:\/\/www.hausdorothea.at\/wp-content\/uploads\/2021\/04\/paratouchmatrixp178172a7220c63a181-88x88.jpg 88w\" sizes=\"auto, (max-width: 346px) 100vw, 346px\"\" srcset=\"https:\/\/www.hausdorothea.at\/wp-content\/uploads\/2021\/04\/paratouchmatrixp178172a7220c63a181.jpg 346w, https:\/\/www.hausdorothea.at\/wp-content\/uploads\/2021\/04\/paratouchmatrixp178172a7220c63a181-300x300.jpg 300w, https:\/\/www.hausdorothea.at\/wp-content\/uploads\/2021\/04\/paratouchmatrixp178172a7220c63a181-150x150.jpg 150w, https:\/\/www.hausdorothea.at\/wp-content\/uploads\/2021\/04\/paratouchmatrixp178172a7220c63a181-88x88.jpg 88w\" \/>\n\t\t<div class=\"figc no-description\">\n\t\t\t<div class=\"figc-inner\">\n\t\t\t\t\t\t\t\t\t\t\t\t\t\t\t<\/div>\n\t\t<\/div>\n\n\t<\/div>\n\n<\/div><div class=\"modula-item effect-pufrobo\" >\n\t<div class=\"modula-item-overlay\"><\/div>\n\n\t<div class=\"modula-item-content\">\n\n\t\t\t\t\n\t\t\t\t\t<a data-image-id=\"96\" rel=\"jtg-171\" data-caption=\"\" aria-label=\"Open image in lightbox\" class=\"tile-inner modula-item-link\"><\/a>\n\t\t\n\t\t<img loading=\"lazy\" decoding=\"async\" class=\"pic wp-image-96\"  data-valign=\"middle\" data-halign=\"center\" alt=\"\" data-full=\"https:\/\/www.hausdorothea.at\/wp-content\/uploads\/2021\/04\/paratouchmatrixp178172a7220c63a184.jpg\" title=\"paratouchmatrixp178172a7220c63a184\" width=\"346\" height=\"346\" src=\"https:\/\/www.hausdorothea.at\/wp-content\/uploads\/2021\/04\/paratouchmatrixp178172a7220c63a184.jpg\" data-src=\"https:\/\/www.hausdorothea.at\/wp-content\/uploads\/2021\/04\/paratouchmatrixp178172a7220c63a184.jpg\" data-caption=\"\"srcset=\"https:\/\/www.hausdorothea.at\/wp-content\/uploads\/2021\/04\/paratouchmatrixp178172a7220c63a184.jpg 346w, https:\/\/www.hausdorothea.at\/wp-content\/uploads\/2021\/04\/paratouchmatrixp178172a7220c63a184-300x300.jpg 300w, https:\/\/www.hausdorothea.at\/wp-content\/uploads\/2021\/04\/paratouchmatrixp178172a7220c63a184-150x150.jpg 150w, https:\/\/www.hausdorothea.at\/wp-content\/uploads\/2021\/04\/paratouchmatrixp178172a7220c63a184-88x88.jpg 88w\" sizes=\"auto, (max-width: 346px) 100vw, 346px\"\" srcset=\"https:\/\/www.hausdorothea.at\/wp-content\/uploads\/2021\/04\/paratouchmatrixp178172a7220c63a184.jpg 346w, https:\/\/www.hausdorothea.at\/wp-content\/uploads\/2021\/04\/paratouchmatrixp178172a7220c63a184-300x300.jpg 300w, https:\/\/www.hausdorothea.at\/wp-content\/uploads\/2021\/04\/paratouchmatrixp178172a7220c63a184-150x150.jpg 150w, https:\/\/www.hausdorothea.at\/wp-content\/uploads\/2021\/04\/paratouchmatrixp178172a7220c63a184-88x88.jpg 88w\" \/>\n\t\t<div class=\"figc no-description\">\n\t\t\t<div class=\"figc-inner\">\n\t\t\t\t\t\t\t\t\t\t\t\t\t\t\t<\/div>\n\t\t<\/div>\n\n\t<\/div>\n\n<\/div><div class=\"modula-item effect-pufrobo\" >\n\t<div class=\"modula-item-overlay\"><\/div>\n\n\t<div class=\"modula-item-content\">\n\n\t\t\t\t\n\t\t\t\t\t<a data-image-id=\"57\" rel=\"jtg-171\" data-caption=\"\" aria-label=\"Open image in lightbox\" class=\"tile-inner modula-item-link\"><\/a>\n\t\t\n\t\t<img loading=\"lazy\" decoding=\"async\" class=\"pic wp-image-57\"  data-valign=\"middle\" data-halign=\"center\" alt=\"\" data-full=\"https:\/\/www.hausdorothea.at\/wp-content\/uploads\/2021\/04\/paratouchmatrix178172a7220c63a185.jpg\" title=\"paratouchmatrix178172a7220c63a185\" width=\"629\" height=\"418\" src=\"https:\/\/www.hausdorothea.at\/wp-content\/uploads\/2021\/04\/paratouchmatrix178172a7220c63a185.jpg\" data-src=\"https:\/\/www.hausdorothea.at\/wp-content\/uploads\/2021\/04\/paratouchmatrix178172a7220c63a185.jpg\" data-caption=\"\"srcset=\"https:\/\/www.hausdorothea.at\/wp-content\/uploads\/2021\/04\/paratouchmatrix178172a7220c63a185.jpg 800w, https:\/\/www.hausdorothea.at\/wp-content\/uploads\/2021\/04\/paratouchmatrix178172a7220c63a185-300x200.jpg 300w, https:\/\/www.hausdorothea.at\/wp-content\/uploads\/2021\/04\/paratouchmatrix178172a7220c63a185-768x511.jpg 768w, https:\/\/www.hausdorothea.at\/wp-content\/uploads\/2021\/04\/paratouchmatrix178172a7220c63a185-629x418.jpg 629w\" sizes=\"auto, (max-width: 629px) 100vw, 629px\"\" srcset=\"https:\/\/www.hausdorothea.at\/wp-content\/uploads\/2021\/04\/paratouchmatrix178172a7220c63a185.jpg 800w, https:\/\/www.hausdorothea.at\/wp-content\/uploads\/2021\/04\/paratouchmatrix178172a7220c63a185-300x200.jpg 300w, https:\/\/www.hausdorothea.at\/wp-content\/uploads\/2021\/04\/paratouchmatrix178172a7220c63a185-768x511.jpg 768w\" \/>\n\t\t<div class=\"figc no-description\">\n\t\t\t<div class=\"figc-inner\">\n\t\t\t\t\t\t\t\t\t\t\t\t\t\t\t<\/div>\n\t\t<\/div>\n\n\t<\/div>\n\n<\/div><div class=\"modula-item effect-pufrobo\" >\n\t<div class=\"modula-item-overlay\"><\/div>\n\n\t<div class=\"modula-item-content\">\n\n\t\t\t\t\n\t\t\t\t\t<a data-image-id=\"58\" rel=\"jtg-171\" data-caption=\"\" aria-label=\"Open image in lightbox\" class=\"tile-inner modula-item-link\"><\/a>\n\t\t\n\t\t<img loading=\"lazy\" decoding=\"async\" class=\"pic wp-image-58\"  data-valign=\"middle\" data-halign=\"center\" alt=\"\" data-full=\"https:\/\/www.hausdorothea.at\/wp-content\/uploads\/2021\/04\/paratouchmatrix178172a7220c63a186.jpg\" title=\"paratouchmatrix178172a7220c63a186\" width=\"629\" height=\"418\" src=\"https:\/\/www.hausdorothea.at\/wp-content\/uploads\/2021\/04\/paratouchmatrix178172a7220c63a186.jpg\" data-src=\"https:\/\/www.hausdorothea.at\/wp-content\/uploads\/2021\/04\/paratouchmatrix178172a7220c63a186.jpg\" data-caption=\"\"srcset=\"https:\/\/www.hausdorothea.at\/wp-content\/uploads\/2021\/04\/paratouchmatrix178172a7220c63a186.jpg 800w, https:\/\/www.hausdorothea.at\/wp-content\/uploads\/2021\/04\/paratouchmatrix178172a7220c63a186-300x200.jpg 300w, https:\/\/www.hausdorothea.at\/wp-content\/uploads\/2021\/04\/paratouchmatrix178172a7220c63a186-768x511.jpg 768w, https:\/\/www.hausdorothea.at\/wp-content\/uploads\/2021\/04\/paratouchmatrix178172a7220c63a186-629x418.jpg 629w\" sizes=\"auto, (max-width: 629px) 100vw, 629px\"\" srcset=\"https:\/\/www.hausdorothea.at\/wp-content\/uploads\/2021\/04\/paratouchmatrix178172a7220c63a186.jpg 800w, https:\/\/www.hausdorothea.at\/wp-content\/uploads\/2021\/04\/paratouchmatrix178172a7220c63a186-300x200.jpg 300w, https:\/\/www.hausdorothea.at\/wp-content\/uploads\/2021\/04\/paratouchmatrix178172a7220c63a186-768x511.jpg 768w\" \/>\n\t\t<div class=\"figc no-description\">\n\t\t\t<div class=\"figc-inner\">\n\t\t\t\t\t\t\t\t\t\t\t\t\t\t\t<\/div>\n\t\t<\/div>\n\n\t<\/div>\n\n<\/div><div class=\"modula-item effect-pufrobo\" >\n\t<div class=\"modula-item-overlay\"><\/div>\n\n\t<div class=\"modula-item-content\">\n\n\t\t\t\t\n\t\t\t\t\t<a data-image-id=\"60\" rel=\"jtg-171\" data-caption=\"\" aria-label=\"Open image in lightbox\" class=\"tile-inner modula-item-link\"><\/a>\n\t\t\n\t\t<img loading=\"lazy\" decoding=\"async\" class=\"pic wp-image-60\"  data-valign=\"middle\" data-halign=\"center\" alt=\"\" data-full=\"https:\/\/www.hausdorothea.at\/wp-content\/uploads\/2021\/04\/paratouchmatrix178172a7220c63a188.jpg\" title=\"paratouchmatrix178172a7220c63a188\" width=\"629\" height=\"418\" src=\"https:\/\/www.hausdorothea.at\/wp-content\/uploads\/2021\/04\/paratouchmatrix178172a7220c63a188.jpg\" data-src=\"https:\/\/www.hausdorothea.at\/wp-content\/uploads\/2021\/04\/paratouchmatrix178172a7220c63a188.jpg\" data-caption=\"\"srcset=\"https:\/\/www.hausdorothea.at\/wp-content\/uploads\/2021\/04\/paratouchmatrix178172a7220c63a188.jpg 800w, https:\/\/www.hausdorothea.at\/wp-content\/uploads\/2021\/04\/paratouchmatrix178172a7220c63a188-300x200.jpg 300w, https:\/\/www.hausdorothea.at\/wp-content\/uploads\/2021\/04\/paratouchmatrix178172a7220c63a188-768x511.jpg 768w, https:\/\/www.hausdorothea.at\/wp-content\/uploads\/2021\/04\/paratouchmatrix178172a7220c63a188-629x418.jpg 629w\" sizes=\"auto, (max-width: 629px) 100vw, 629px\"\" srcset=\"https:\/\/www.hausdorothea.at\/wp-content\/uploads\/2021\/04\/paratouchmatrix178172a7220c63a188.jpg 800w, https:\/\/www.hausdorothea.at\/wp-content\/uploads\/2021\/04\/paratouchmatrix178172a7220c63a188-300x200.jpg 300w, https:\/\/www.hausdorothea.at\/wp-content\/uploads\/2021\/04\/paratouchmatrix178172a7220c63a188-768x511.jpg 768w\" \/>\n\t\t<div class=\"figc no-description\">\n\t\t\t<div class=\"figc-inner\">\n\t\t\t\t\t\t\t\t\t\t\t\t\t\t\t<\/div>\n\t\t<\/div>\n\n\t<\/div>\n\n<\/div><div class=\"modula-item effect-pufrobo\" >\n\t<div class=\"modula-item-overlay\"><\/div>\n\n\t<div class=\"modula-item-content\">\n\n\t\t\t\t\n\t\t\t\t\t<a data-image-id=\"61\" rel=\"jtg-171\" data-caption=\"\" aria-label=\"Open image in lightbox\" class=\"tile-inner modula-item-link\"><\/a>\n\t\t\n\t\t<img loading=\"lazy\" decoding=\"async\" class=\"pic wp-image-61\"  data-valign=\"middle\" data-halign=\"center\" alt=\"\" data-full=\"https:\/\/www.hausdorothea.at\/wp-content\/uploads\/2021\/04\/paratouchmatrix178172a7220c63a189.jpg\" title=\"paratouchmatrix178172a7220c63a189\" width=\"629\" height=\"418\" src=\"https:\/\/www.hausdorothea.at\/wp-content\/uploads\/2021\/04\/paratouchmatrix178172a7220c63a189.jpg\" data-src=\"https:\/\/www.hausdorothea.at\/wp-content\/uploads\/2021\/04\/paratouchmatrix178172a7220c63a189.jpg\" data-caption=\"\"srcset=\"https:\/\/www.hausdorothea.at\/wp-content\/uploads\/2021\/04\/paratouchmatrix178172a7220c63a189.jpg 800w, https:\/\/www.hausdorothea.at\/wp-content\/uploads\/2021\/04\/paratouchmatrix178172a7220c63a189-300x200.jpg 300w, https:\/\/www.hausdorothea.at\/wp-content\/uploads\/2021\/04\/paratouchmatrix178172a7220c63a189-768x511.jpg 768w, https:\/\/www.hausdorothea.at\/wp-content\/uploads\/2021\/04\/paratouchmatrix178172a7220c63a189-629x418.jpg 629w\" sizes=\"auto, (max-width: 629px) 100vw, 629px\"\" srcset=\"https:\/\/www.hausdorothea.at\/wp-content\/uploads\/2021\/04\/paratouchmatrix178172a7220c63a189.jpg 800w, https:\/\/www.hausdorothea.at\/wp-content\/uploads\/2021\/04\/paratouchmatrix178172a7220c63a189-300x200.jpg 300w, https:\/\/www.hausdorothea.at\/wp-content\/uploads\/2021\/04\/paratouchmatrix178172a7220c63a189-768x511.jpg 768w\" \/>\n\t\t<div class=\"figc no-description\">\n\t\t\t<div class=\"figc-inner\">\n\t\t\t\t\t\t\t\t\t\t\t\t\t\t\t<\/div>\n\t\t<\/div>\n\n\t<\/div>\n\n<\/div>\t\t\n\t<\/div>\n\n\t\n\t\n\t<script type=\"application\/ld+json\">\n\t{\n\t\t\"@context\": \"http:\/\/schema.org\",\n\t\t\"@type\"   : \"ImageGallery\",\n\t\t\"id\"      : \"https:\/\/www.hausdorothea.at\/wp-json\/wp\/v2\/pages\/166\",\n\t\t\"url\"     : \"https:\/\/www.hausdorothea.at\/wp-json\/wp\/v2\/pages\/166\"\n\t}\n\n    <\/script>\n\n\t\n<\/div>\n","protected":false},"excerpt":{"rendered":"<p>Wohnungsinformationen Wohnung im Erdgescho\u00df &#8211; bestehend aus: Ger\u00e4umige S\u00fcd-Wohnung (61 m\u00b2) mit Gartenzugang, 1 Schlafzimmer (Doppelbett), 1 gro\u00dfes Wohnzimmer mit Auszieh-Doppelcouch und\/oder Auszieh-Schlafsessel, Kabel-TV, Radio 1 gro\u00dfe, komplett ausgestattete K\u00fcche mit gem\u00fctlicher Eckbank, 1 Bad mit Dusche\/WC, 2 Waschbecken 1 Vorraum mit Garderobe &nbsp; Ideal f\u00fcr 2 &#8211; 4 Personen. &nbsp; Grundriss &nbsp;<\/p>\n","protected":false},"author":1,"featured_media":0,"parent":0,"menu_order":0,"comment_status":"closed","ping_status":"closed","template":"","meta":{"footnotes":""},"class_list":["post-166","page","type-page","status-publish","hentry"],"_links":{"self":[{"href":"https:\/\/www.hausdorothea.at\/index.php\/wp-json\/wp\/v2\/pages\/166","targetHints":{"allow":["GET"]}}],"collection":[{"href":"https:\/\/www.hausdorothea.at\/index.php\/wp-json\/wp\/v2\/pages"}],"about":[{"href":"https:\/\/www.hausdorothea.at\/index.php\/wp-json\/wp\/v2\/types\/page"}],"author":[{"embeddable":true,"href":"https:\/\/www.hausdorothea.at\/index.php\/wp-json\/wp\/v2\/users\/1"}],"replies":[{"embeddable":true,"href":"https:\/\/www.hausdorothea.at\/index.php\/wp-json\/wp\/v2\/comments?post=166"}],"version-history":[{"count":8,"href":"https:\/\/www.hausdorothea.at\/index.php\/wp-json\/wp\/v2\/pages\/166\/revisions"}],"predecessor-version":[{"id":352,"href":"https:\/\/www.hausdorothea.at\/index.php\/wp-json\/wp\/v2\/pages\/166\/revisions\/352"}],"wp:attachment":[{"href":"https:\/\/www.hausdorothea.at\/index.php\/wp-json\/wp\/v2\/media?parent=166"}],"curies":[{"name":"wp","href":"https:\/\/api.w.org\/{rel}","templated":true}]}}