{"id":246,"date":"2021-04-10T09:43:26","date_gmt":"2021-04-10T07:43:26","guid":{"rendered":"https:\/\/www.hausdorothea.at\/WP\/?page_id=246"},"modified":"2021-04-16T13:40:52","modified_gmt":"2021-04-16T11:40:52","slug":"gaestezimmer","status":"publish","type":"page","link":"https:\/\/www.hausdorothea.at\/index.php\/gaestezimmer\/","title":{"rendered":"G\u00e4stezimmer"},"content":{"rendered":"<p><b>G\u00e4stezimmerinformationen<\/b><\/p>\n<p>Unser G\u00e4stezimmer im 2. Stock kann zu den Ferienwohnungen (Top 1, 2 und 4) nach Bedarf zus\u00e4tzlich dazugebucht werden &#8211; ideal f\u00fcr gr\u00f6\u00dfere Familien.<br \/>\nEs besteht aus einem Zimmer mit wahlweise Doppelbett oder 2 getrennten Betten und einem Bad mit Dusche\/WC &#8211; Panoramablick zum Wilden Kaiser.<\/p>\n<p>Einzelbuchungen sind zwar m\u00f6glich, im Zimmer befindet sich aber kein K\u00fchlschrank, kein TV, es wird kein Fr\u00fchst\u00fcck angeboten.<\/p>\n<style>#jtg-249 .modula-item .jtg-social a, .lightbox-socials.jtg-social a{ color: #ffffff }#jtg-249 .modula-item .jtg-social svg, .lightbox-socials.jtg-social svg { height: 16px; width: 16px }#jtg-249 .modula-item .jtg-social a:not(:last-child), .lightbox-socials.jtg-social a:not(:last-child) { margin-right: 10px }#jtg-249 .modula-item .figc {color:#ffffff;}#jtg-249 .modula-item .modula-item-content { transform: scale(1) }#jtg-249 { width:100%;}#jtg-249 .modula-items{height:1024px;}@media screen and (max-width: 992px) {#jtg-249 .modula-items{height:1024px;}}@media screen and (max-width: 768px) {#jtg-249 .modula-items{height:1024px;}}#jtg-249 .modula-items .figc p.description { font-size:14px; }#jtg-249 .modula-items .figc p.description { color:#ffffff;}#jtg-249.modula-gallery .modula-item > a, #jtg-249.modula-gallery .modula-item, #jtg-249.modula-gallery .modula-item-content > a:not(.modula-no-follow) { cursor:zoom-in; } #jtg-249.modula-gallery .modula-item-content .modula-no-follow { cursor: default; } @media screen and (max-width:480px){#jtg-249 .modula-item .figc .jtg-title {  font-size: 12px; }#jtg-249 .modula-items .figc p.description { color:#ffffff;font-size:10px; }}<\/style>\n<!-- Gallery Container -->\n<div  id=\"jtg-249\" class=\"modula modula-gallery modula-creative-gallery\" data-config=\"{&quot;height&quot;:1024,&quot;tabletHeight&quot;:1024,&quot;mobileHeight&quot;:1024,&quot;desktopHeight&quot;:1024,&quot;enableTwitter&quot;:false,&quot;enableWhatsapp&quot;:false,&quot;enableFacebook&quot;:false,&quot;enablePinterest&quot;:false,&quot;enableLinkedin&quot;:false,&quot;enableEmail&quot;:false,&quot;randomFactor&quot;:0.5,&quot;type&quot;:&quot;creative-gallery&quot;,&quot;columns&quot;:12,&quot;gutter&quot;:10,&quot;mobileGutter&quot;:10,&quot;tabletGutter&quot;:10,&quot;desktopGutter&quot;:10,&quot;enableResponsive&quot;:&quot;0&quot;,&quot;tabletColumns&quot;:&quot;2&quot;,&quot;mobileColumns&quot;:&quot;1&quot;,&quot;lazyLoad&quot;:&quot;0&quot;,&quot;lightboxOpts&quot;:{&quot;loop&quot;:false,&quot;arrows&quot;:true,&quot;toolbar&quot;:true,&quot;keyboard&quot;:false,&quot;wheel&quot;:false,&quot;buttons&quot;:[&quot;close&quot;],&quot;hash&quot;:false,&quot;lang&quot;:&quot;en&quot;,&quot;touch&quot;:false,&quot;protect&quot;:false,&quot;i18n&quot;:{&quot;en&quot;:{&quot;CLOSE&quot;:&quot;Close&quot;,&quot;NEXT&quot;:&quot;Next&quot;,&quot;PREV&quot;:&quot;Previous&quot;,&quot;Error&quot;:&quot;The requested content cannot be loaded. Please try again later.&quot;,&quot;PLAY_START&quot;:&quot;Start slideshow&quot;,&quot;PLAY_STOP&quot;:&quot;Pause slideshow&quot;,&quot;FULL_SCREEN&quot;:&quot;Full screen&quot;,&quot;THUMBS&quot;:&quot;Thumbnails&quot;,&quot;DOWNLOAD&quot;:&quot;Download&quot;,&quot;SHARE&quot;:&quot;Share&quot;,&quot;ZOOM&quot;:&quot;Zoom&quot;}},&quot;clickSlide&quot;:false,&quot;clickOutside&quot;:false,&quot;dblclickContent&quot;:false,&quot;dblclickSlide&quot;:false,&quot;dblclickOutside&quot;:false,&quot;clickContent&quot;:false,&quot;baseTpl&quot;:&quot;&lt;div class=\\&quot;modula-fancybox-container modula-lightbox-jtg-249\\&quot; role=\\&quot;dialog\\&quot; tabindex=\\&quot;-1\\&quot;&gt;&lt;div class=\\&quot;modula-fancybox-bg\\&quot;&gt;&lt;\\\/div&gt;&lt;div class=\\&quot;modula-fancybox-inner\\&quot;&gt;&lt;div class=\\&quot;modula-fancybox-infobar\\&quot;&gt;&lt;span data-fancybox-index&gt;&lt;\\\/span&gt;&nbsp;\\\/&nbsp;&lt;span data-fancybox-count&gt;&lt;\\\/span&gt;&lt;\\\/div&gt;&lt;div class=\\&quot;modula-fancybox-toolbar\\&quot;&gt;{{buttons}}&lt;\\\/div&gt;&lt;div class=\\&quot;modula-fancybox-navigation\\&quot;&gt;{{arrows}}&lt;\\\/div&gt;&lt;div class=\\&quot;modula-fancybox-stage\\&quot;&gt;&lt;\\\/div&gt;&lt;div class=\\&quot;modula-fancybox-caption\\&quot;&gt;&lt;div class=\\&quot;modula-fancybox-caption__body\\&quot;&gt;&lt;\\\/div&gt;&lt;\\\/div&gt;&lt;\\\/div&gt;&lt;\\\/div&gt;&quot;},&quot;inView&quot;:false,&quot;email_subject&quot;:&quot;Check out this awesome image !!&quot;,&quot;email_message&quot;:&quot;Here is the link to the image : %%image_link%% and this is the link to the gallery : %%gallery_link%%&quot;,&quot;lightbox&quot;:&quot;fancybox&quot;}\">\n\n\t\n\t<!-- Items Container -->\n\t<div  class=\"modula-items\">\n\t\t<div class=\"modula-item effect-pufrobo\" >\n\t<div class=\"modula-item-overlay\"><\/div>\n\n\t<div class=\"modula-item-content\">\n\n\t\t\t\t\n\t\t\t\t\t<a data-image-id=\"62\" rel=\"jtg-249\" data-caption=\"\" aria-label=\"Open image in lightbox\" class=\"tile-inner modula-item-link\"><\/a>\n\t\t\n\t\t<img loading=\"lazy\" decoding=\"async\" class=\"pic wp-image-62\"  data-valign=\"middle\" data-halign=\"center\" alt=\"\" data-full=\"https:\/\/www.hausdorothea.at\/wp-content\/uploads\/2021\/04\/paratouchmatrixp178172a7a30e309021.jpg\" title=\"paratouchmatrixp178172a7a30e309021\" width=\"519\" height=\"519\" src=\"https:\/\/www.hausdorothea.at\/wp-content\/uploads\/2021\/04\/paratouchmatrixp178172a7a30e309021.jpg\" data-src=\"https:\/\/www.hausdorothea.at\/wp-content\/uploads\/2021\/04\/paratouchmatrixp178172a7a30e309021.jpg\" data-caption=\"\"srcset=\"https:\/\/www.hausdorothea.at\/wp-content\/uploads\/2021\/04\/paratouchmatrixp178172a7a30e309021.jpg 519w, https:\/\/www.hausdorothea.at\/wp-content\/uploads\/2021\/04\/paratouchmatrixp178172a7a30e309021-300x300.jpg 300w, https:\/\/www.hausdorothea.at\/wp-content\/uploads\/2021\/04\/paratouchmatrixp178172a7a30e309021-150x150.jpg 150w, https:\/\/www.hausdorothea.at\/wp-content\/uploads\/2021\/04\/paratouchmatrixp178172a7a30e309021-88x88.jpg 88w\" sizes=\"auto, (max-width: 519px) 100vw, 519px\"\" srcset=\"https:\/\/www.hausdorothea.at\/wp-content\/uploads\/2021\/04\/paratouchmatrixp178172a7a30e309021.jpg 519w, https:\/\/www.hausdorothea.at\/wp-content\/uploads\/2021\/04\/paratouchmatrixp178172a7a30e309021-300x300.jpg 300w, https:\/\/www.hausdorothea.at\/wp-content\/uploads\/2021\/04\/paratouchmatrixp178172a7a30e309021-150x150.jpg 150w, https:\/\/www.hausdorothea.at\/wp-content\/uploads\/2021\/04\/paratouchmatrixp178172a7a30e309021-88x88.jpg 88w\" \/>\n\t\t<div class=\"figc no-description\">\n\t\t\t<div class=\"figc-inner\">\n\t\t\t\t\t\t\t\t\t\t\t\t\t\t\t<\/div>\n\t\t<\/div>\n\n\t<\/div>\n\n<\/div><div class=\"modula-item effect-pufrobo\" >\n\t<div class=\"modula-item-overlay\"><\/div>\n\n\t<div class=\"modula-item-content\">\n\n\t\t\t\t\n\t\t\t\t\t<a data-image-id=\"63\" rel=\"jtg-249\" data-caption=\"\" aria-label=\"Open image in lightbox\" class=\"tile-inner modula-item-link\"><\/a>\n\t\t\n\t\t<img loading=\"lazy\" decoding=\"async\" class=\"pic wp-image-63\"  data-valign=\"middle\" data-halign=\"center\" alt=\"\" data-full=\"https:\/\/www.hausdorothea.at\/wp-content\/uploads\/2021\/04\/paratouchmatrixp178172a7a30e309022.jpg\" title=\"paratouchmatrixp178172a7a30e309022\" width=\"519\" height=\"519\" src=\"https:\/\/www.hausdorothea.at\/wp-content\/uploads\/2021\/04\/paratouchmatrixp178172a7a30e309022.jpg\" data-src=\"https:\/\/www.hausdorothea.at\/wp-content\/uploads\/2021\/04\/paratouchmatrixp178172a7a30e309022.jpg\" data-caption=\"\"srcset=\"https:\/\/www.hausdorothea.at\/wp-content\/uploads\/2021\/04\/paratouchmatrixp178172a7a30e309022.jpg 519w, https:\/\/www.hausdorothea.at\/wp-content\/uploads\/2021\/04\/paratouchmatrixp178172a7a30e309022-300x300.jpg 300w, https:\/\/www.hausdorothea.at\/wp-content\/uploads\/2021\/04\/paratouchmatrixp178172a7a30e309022-150x150.jpg 150w, https:\/\/www.hausdorothea.at\/wp-content\/uploads\/2021\/04\/paratouchmatrixp178172a7a30e309022-88x88.jpg 88w\" sizes=\"auto, (max-width: 519px) 100vw, 519px\"\" srcset=\"https:\/\/www.hausdorothea.at\/wp-content\/uploads\/2021\/04\/paratouchmatrixp178172a7a30e309022.jpg 519w, https:\/\/www.hausdorothea.at\/wp-content\/uploads\/2021\/04\/paratouchmatrixp178172a7a30e309022-300x300.jpg 300w, https:\/\/www.hausdorothea.at\/wp-content\/uploads\/2021\/04\/paratouchmatrixp178172a7a30e309022-150x150.jpg 150w, https:\/\/www.hausdorothea.at\/wp-content\/uploads\/2021\/04\/paratouchmatrixp178172a7a30e309022-88x88.jpg 88w\" \/>\n\t\t<div class=\"figc no-description\">\n\t\t\t<div class=\"figc-inner\">\n\t\t\t\t\t\t\t\t\t\t\t\t\t\t\t<\/div>\n\t\t<\/div>\n\n\t<\/div>\n\n<\/div><div class=\"modula-item effect-pufrobo\" >\n\t<div class=\"modula-item-overlay\"><\/div>\n\n\t<div class=\"modula-item-content\">\n\n\t\t\t\t\n\t\t\t\t\t<a data-image-id=\"24\" rel=\"jtg-249\" data-caption=\"\" aria-label=\"Open image in lightbox\" class=\"tile-inner modula-item-link\"><\/a>\n\t\t\n\t\t<img loading=\"lazy\" decoding=\"async\" class=\"pic wp-image-24\"  data-valign=\"middle\" data-halign=\"center\" alt=\"\" data-full=\"https:\/\/www.hausdorothea.at\/wp-content\/uploads\/2021\/04\/paratouchmatrix178172a7a30e309023.jpg\" title=\"paratouchmatrix178172a7a30e309023\" width=\"600\" height=\"800\" src=\"https:\/\/www.hausdorothea.at\/wp-content\/uploads\/2021\/04\/paratouchmatrix178172a7a30e309023.jpg\" data-src=\"https:\/\/www.hausdorothea.at\/wp-content\/uploads\/2021\/04\/paratouchmatrix178172a7a30e309023.jpg\" data-caption=\"\"srcset=\"https:\/\/www.hausdorothea.at\/wp-content\/uploads\/2021\/04\/paratouchmatrix178172a7a30e309023.jpg 600w, https:\/\/www.hausdorothea.at\/wp-content\/uploads\/2021\/04\/paratouchmatrix178172a7a30e309023-225x300.jpg 225w\" sizes=\"auto, (max-width: 600px) 100vw, 600px\"\" srcset=\"https:\/\/www.hausdorothea.at\/wp-content\/uploads\/2021\/04\/paratouchmatrix178172a7a30e309023.jpg 600w, https:\/\/www.hausdorothea.at\/wp-content\/uploads\/2021\/04\/paratouchmatrix178172a7a30e309023-225x300.jpg 225w\" \/>\n\t\t<div class=\"figc no-description\">\n\t\t\t<div class=\"figc-inner\">\n\t\t\t\t\t\t\t\t\t\t\t\t\t\t\t<\/div>\n\t\t<\/div>\n\n\t<\/div>\n\n<\/div><div class=\"modula-item effect-pufrobo\" >\n\t<div class=\"modula-item-overlay\"><\/div>\n\n\t<div class=\"modula-item-content\">\n\n\t\t\t\t\n\t\t\t\t\t<a data-image-id=\"25\" rel=\"jtg-249\" data-caption=\"\" aria-label=\"Open image in lightbox\" class=\"tile-inner modula-item-link\"><\/a>\n\t\t\n\t\t<img loading=\"lazy\" decoding=\"async\" class=\"pic wp-image-25\"  data-valign=\"middle\" data-halign=\"center\" alt=\"\" data-full=\"https:\/\/www.hausdorothea.at\/wp-content\/uploads\/2021\/04\/paratouchmatrix178172a7a30e309024.jpg\" title=\"paratouchmatrix178172a7a30e309024\" width=\"629\" height=\"418\" src=\"https:\/\/www.hausdorothea.at\/wp-content\/uploads\/2021\/04\/paratouchmatrix178172a7a30e309024.jpg\" data-src=\"https:\/\/www.hausdorothea.at\/wp-content\/uploads\/2021\/04\/paratouchmatrix178172a7a30e309024.jpg\" data-caption=\"\"srcset=\"https:\/\/www.hausdorothea.at\/wp-content\/uploads\/2021\/04\/paratouchmatrix178172a7a30e309024.jpg 800w, https:\/\/www.hausdorothea.at\/wp-content\/uploads\/2021\/04\/paratouchmatrix178172a7a30e309024-300x200.jpg 300w, https:\/\/www.hausdorothea.at\/wp-content\/uploads\/2021\/04\/paratouchmatrix178172a7a30e309024-768x511.jpg 768w, https:\/\/www.hausdorothea.at\/wp-content\/uploads\/2021\/04\/paratouchmatrix178172a7a30e309024-629x418.jpg 629w\" sizes=\"auto, (max-width: 629px) 100vw, 629px\"\" srcset=\"https:\/\/www.hausdorothea.at\/wp-content\/uploads\/2021\/04\/paratouchmatrix178172a7a30e309024.jpg 800w, https:\/\/www.hausdorothea.at\/wp-content\/uploads\/2021\/04\/paratouchmatrix178172a7a30e309024-300x200.jpg 300w, https:\/\/www.hausdorothea.at\/wp-content\/uploads\/2021\/04\/paratouchmatrix178172a7a30e309024-768x511.jpg 768w\" \/>\n\t\t<div class=\"figc no-description\">\n\t\t\t<div class=\"figc-inner\">\n\t\t\t\t\t\t\t\t\t\t\t\t\t\t\t<\/div>\n\t\t<\/div>\n\n\t<\/div>\n\n<\/div><div class=\"modula-item effect-pufrobo\" >\n\t<div class=\"modula-item-overlay\"><\/div>\n\n\t<div class=\"modula-item-content\">\n\n\t\t\t\t\n\t\t\t\t\t<a data-image-id=\"303\" rel=\"jtg-249\" data-caption=\"\" aria-label=\"Open image in lightbox\" class=\"tile-inner modula-item-link\"><\/a>\n\t\t\n\t\t<img loading=\"lazy\" decoding=\"async\" class=\"pic wp-image-303\"  data-valign=\"middle\" data-halign=\"center\" alt=\"\" data-full=\"https:\/\/www.hausdorothea.at\/wp-content\/uploads\/2021\/04\/shortcuticon.png\" title=\"shortcuticon\" width=\"512\" height=\"512\" src=\"https:\/\/www.hausdorothea.at\/wp-content\/uploads\/2021\/04\/shortcuticon.png\" data-src=\"https:\/\/www.hausdorothea.at\/wp-content\/uploads\/2021\/04\/shortcuticon.png\" data-caption=\"\"srcset=\"https:\/\/www.hausdorothea.at\/wp-content\/uploads\/2021\/04\/shortcuticon.png 512w, https:\/\/www.hausdorothea.at\/wp-content\/uploads\/2021\/04\/shortcuticon-300x300.png 300w, https:\/\/www.hausdorothea.at\/wp-content\/uploads\/2021\/04\/shortcuticon-150x150.png 150w, https:\/\/www.hausdorothea.at\/wp-content\/uploads\/2021\/04\/shortcuticon-88x88.png 88w\" sizes=\"auto, (max-width: 512px) 100vw, 512px\"\" srcset=\"https:\/\/www.hausdorothea.at\/wp-content\/uploads\/2021\/04\/shortcuticon.png 512w, https:\/\/www.hausdorothea.at\/wp-content\/uploads\/2021\/04\/shortcuticon-300x300.png 300w, https:\/\/www.hausdorothea.at\/wp-content\/uploads\/2021\/04\/shortcuticon-150x150.png 150w, https:\/\/www.hausdorothea.at\/wp-content\/uploads\/2021\/04\/shortcuticon-88x88.png 88w\" \/>\n\t\t<div class=\"figc no-description\">\n\t\t\t<div class=\"figc-inner\">\n\t\t\t\t\t\t\t\t\t\t\t\t\t\t\t<\/div>\n\t\t<\/div>\n\n\t<\/div>\n\n<\/div>\t\t\n\t<\/div>\n\n\t\n\t\n\t<script type=\"application\/ld+json\">\n\t{\n\t\t\"@context\": \"http:\/\/schema.org\",\n\t\t\"@type\"   : \"ImageGallery\",\n\t\t\"id\"      : \"https:\/\/www.hausdorothea.at\/wp-json\/wp\/v2\/pages\/246\",\n\t\t\"url\"     : \"https:\/\/www.hausdorothea.at\/wp-json\/wp\/v2\/pages\/246\"\n\t}\n\n    <\/script>\n\n\t\n<\/div>\n","protected":false},"excerpt":{"rendered":"<p>G\u00e4stezimmerinformationen Unser G\u00e4stezimmer im 2. Stock kann zu den Ferienwohnungen (Top 1, 2 und 4) nach Bedarf zus\u00e4tzlich dazugebucht werden &#8211; ideal f\u00fcr gr\u00f6\u00dfere Familien. Es besteht aus einem Zimmer mit wahlweise Doppelbett oder 2 getrennten Betten und einem Bad mit Dusche\/WC &#8211; Panoramablick zum Wilden Kaiser. Einzelbuchungen sind zwar m\u00f6glich, im Zimmer befindet sich [&hellip;]<\/p>\n","protected":false},"author":1,"featured_media":0,"parent":0,"menu_order":0,"comment_status":"closed","ping_status":"closed","template":"","meta":{"footnotes":""},"class_list":["post-246","page","type-page","status-publish","hentry"],"_links":{"self":[{"href":"https:\/\/www.hausdorothea.at\/index.php\/wp-json\/wp\/v2\/pages\/246","targetHints":{"allow":["GET"]}}],"collection":[{"href":"https:\/\/www.hausdorothea.at\/index.php\/wp-json\/wp\/v2\/pages"}],"about":[{"href":"https:\/\/www.hausdorothea.at\/index.php\/wp-json\/wp\/v2\/types\/page"}],"author":[{"embeddable":true,"href":"https:\/\/www.hausdorothea.at\/index.php\/wp-json\/wp\/v2\/users\/1"}],"replies":[{"embeddable":true,"href":"https:\/\/www.hausdorothea.at\/index.php\/wp-json\/wp\/v2\/comments?post=246"}],"version-history":[{"count":4,"href":"https:\/\/www.hausdorothea.at\/index.php\/wp-json\/wp\/v2\/pages\/246\/revisions"}],"predecessor-version":[{"id":331,"href":"https:\/\/www.hausdorothea.at\/index.php\/wp-json\/wp\/v2\/pages\/246\/revisions\/331"}],"wp:attachment":[{"href":"https:\/\/www.hausdorothea.at\/index.php\/wp-json\/wp\/v2\/media?parent=246"}],"curies":[{"name":"wp","href":"https:\/\/api.w.org\/{rel}","templated":true}]}}